{"id":221,"date":"2025-07-11T17:37:18","date_gmt":"2025-07-11T20:37:18","guid":{"rendered":"https:\/\/academiatronica.com\/?post_type=product&#038;p=221"},"modified":"2025-07-28T09:08:11","modified_gmt":"2025-07-28T12:08:11","slug":"baterias-de-iphone-sfe","status":"publish","type":"product","link":"https:\/\/academiatronica.com\/index.php\/producto\/baterias-de-iphone-sfe\/","title":{"rendered":"Bater\u00edas de Iphone SFE"},"content":{"rendered":"<p>Taller Bater\u00edas de Iphone en Santa Fe.<\/p>\n<p>Presencial. Un solo encuentro.<\/p>\n<p>S\u00e1bado 26 de Julio de 17 a 21hs.<\/p>\n<p>Reemplazo de bater\u00edas con soldador de puntos, con esta\u00f1o de niquel. Programaci\u00f3n con JCID V1SE y con Q1.<\/p>\n<p>Te\u00f3rico pr\u00e1ctico. Pod\u00e9s traer tus equipos para reparar.<\/p>\n<p>Valor: 230 mil pesos, 3 pagos sin inter\u00e9s Visa, Mastercard.<\/p>\n<p>Promo exclusiva hasta el 18\/07 &#8211; 120 mil pesos. Reserv\u00e1s tu lugar con entrega de 50 mil. El saldo al comenzar.<\/p>\n","protected":false},"excerpt":{"rendered":"<p>Bater\u00edas de Iphone<\/p>\n","protected":false},"featured_media":222,"template":"","meta":{"site-sidebar-layout":"default","site-content-layout":"","ast-site-content-layout":"default","site-content-style":"default","site-sidebar-style":"default","ast-global-header-display":"","ast-banner-title-visibility":"","ast-main-header-display":"","ast-hfb-above-header-display":"","ast-hfb-below-header-display":"","ast-hfb-mobile-header-display":"","site-post-title":"","ast-breadcrumbs-content":"","ast-featured-img":"","footer-sml-layout":"","theme-transparent-header-meta":"default","adv-header-id-meta":"","stick-header-meta":"","header-above-stick-meta":"","header-main-stick-meta":"","header-below-stick-meta":"","astra-migrate-meta-layouts":"set","ast-page-background-enabled":"default","ast-page-background-meta":{"desktop":{"background-color":"var(--ast-global-color-5)","background-image":"","background-repeat":"repeat","background-position":"center center","background-size":"auto","background-attachment":"scroll","background-type":"","background-media":"","overlay-type":"","overlay-color":"","overlay-opacity":"","overlay-gradient":""},"tablet":{"background-color":"","background-image":"","background-repeat":"repeat","background-position":"center center","background-size":"auto","background-attachment":"scroll","background-type":"","background-media":"","overlay-type":"","overlay-color":"","overlay-opacity":"","overlay-gradient":""},"mobile":{"background-color":"","background-image":"","background-repeat":"repeat","background-position":"center center","background-size":"auto","background-attachment":"scroll","background-type":"","background-media":"","overlay-type":"","overlay-color":"","overlay-opacity":"","overlay-gradient":""}},"ast-content-background-meta":{"desktop":{"background-color":"var(--ast-global-color-4)","background-image":"","background-repeat":"repeat","background-position":"center center","background-size":"auto","background-attachment":"scroll","background-type":"","background-media":"","overlay-type":"","overlay-color":"","overlay-opacity":"","overlay-gradient":""},"tablet":{"background-color":"var(--ast-global-color-4)","background-image":"","background-repeat":"repeat","background-position":"center center","background-size":"auto","background-attachment":"scroll","background-type":"","background-media":"","overlay-type":"","overlay-color":"","overlay-opacity":"","overlay-gradient":""},"mobile":{"background-color":"var(--ast-global-color-4)","background-image":"","background-repeat":"repeat","background-position":"center center","background-size":"auto","background-attachment":"scroll","background-type":"","background-media":"","overlay-type":"","overlay-color":"","overlay-opacity":"","overlay-gradient":""}},"_joinchat":[]},"product_brand":[],"product_cat":[20],"product_tag":[],"class_list":{"0":"post-221","1":"product","2":"type-product","3":"status-publish","4":"has-post-thumbnail","6":"product_cat-sfe","7":"desktop-align-left","8":"tablet-align-left","9":"mobile-align-left","11":"first","12":"outofstock","13":"sale","14":"shipping-taxable","15":"purchasable","16":"product-type-simple"},"_links":{"self":[{"href":"https:\/\/academiatronica.com\/index.php\/wp-json\/wp\/v2\/product\/221","targetHints":{"allow":["GET"]}}],"collection":[{"href":"https:\/\/academiatronica.com\/index.php\/wp-json\/wp\/v2\/product"}],"about":[{"href":"https:\/\/academiatronica.com\/index.php\/wp-json\/wp\/v2\/types\/product"}],"wp:featuredmedia":[{"embeddable":true,"href":"https:\/\/academiatronica.com\/index.php\/wp-json\/wp\/v2\/media\/222"}],"wp:attachment":[{"href":"https:\/\/academiatronica.com\/index.php\/wp-json\/wp\/v2\/media?parent=221"}],"wp:term":[{"taxonomy":"product_brand","embeddable":true,"href":"https:\/\/academiatronica.com\/index.php\/wp-json\/wp\/v2\/product_brand?post=221"},{"taxonomy":"product_cat","embeddable":true,"href":"https:\/\/academiatronica.com\/index.php\/wp-json\/wp\/v2\/product_cat?post=221"},{"taxonomy":"product_tag","embeddable":true,"href":"https:\/\/academiatronica.com\/index.php\/wp-json\/wp\/v2\/product_tag?post=221"}],"curies":[{"name":"wp","href":"https:\/\/api.w.org\/{rel}","templated":true}]}}