{"id":223,"date":"2025-07-11T17:48:07","date_gmt":"2025-07-11T20:48:07","guid":{"rendered":"https:\/\/academiatronica.com\/?post_type=product&#038;p=223"},"modified":"2025-08-20T08:09:07","modified_gmt":"2025-08-20T11:09:07","slug":"baterias-iphone-parana","status":"publish","type":"product","link":"https:\/\/academiatronica.com\/index.php\/producto\/baterias-iphone-parana\/","title":{"rendered":"Bater\u00edas Iphone Paran\u00e1"},"content":{"rendered":"<p>Taller de Bater\u00edas de Iphone en Paran\u00e1.<\/p>\n<p>Presencial. Se dicta solo el 02 de Agosto en Urquiza 1226.<\/p>\n<p>De 17 a 21hs.<\/p>\n<p>Cupos limitados.<\/p>\n<p>Soldadura con esta\u00f1o de niquel y por puntos.<\/p>\n<p>Programaci\u00f3n con JCID V1SE y Q1.<\/p>\n<p>Te\u00f3rico pr\u00e1ctico. Pod\u00e9s traer tus equipos para reparar.<\/p>\n<p>Precio: 230 mil pesos &#8211; Hasta en 3 pagos sin inter\u00e9s con Visa, Mastercard (No naranja)<\/p>\n<p>Promo exclusiva hasta el 18\/07. Pago online \/ Transferencia. 120 mil pesos final. Reserv\u00e1s tu lugar con entrega de 50 mil.<\/p>\n<p>3436133746<\/p>\n<p>&nbsp;<\/p>\n","protected":false},"excerpt":{"rendered":"<p>Bater\u00edas Iphone Paran\u00e1<\/p>\n","protected":false},"featured_media":224,"template":"","meta":{"site-sidebar-layout":"default","site-content-layout":"","ast-site-content-layout":"default","site-content-style":"default","site-sidebar-style":"default","ast-global-header-display":"","ast-banner-title-visibility":"","ast-main-header-display":"","ast-hfb-above-header-display":"","ast-hfb-below-header-display":"","ast-hfb-mobile-header-display":"","site-post-title":"","ast-breadcrumbs-content":"","ast-featured-img":"","footer-sml-layout":"","theme-transparent-header-meta":"default","adv-header-id-meta":"","stick-header-meta":"","header-above-stick-meta":"","header-main-stick-meta":"","header-below-stick-meta":"","astra-migrate-meta-layouts":"set","ast-page-background-enabled":"default","ast-page-background-meta":{"desktop":{"background-color":"var(--ast-global-color-5)","background-image":"","background-repeat":"repeat","background-position":"center center","background-size":"auto","background-attachment":"scroll","background-type":"","background-media":"","overlay-type":"","overlay-color":"","overlay-opacity":"","overlay-gradient":""},"tablet":{"background-color":"","background-image":"","background-repeat":"repeat","background-position":"center center","background-size":"auto","background-attachment":"scroll","background-type":"","background-media":"","overlay-type":"","overlay-color":"","overlay-opacity":"","overlay-gradient":""},"mobile":{"background-color":"","background-image":"","background-repeat":"repeat","background-position":"center center","background-size":"auto","background-attachment":"scroll","background-type":"","background-media":"","overlay-type":"","overlay-color":"","overlay-opacity":"","overlay-gradient":""}},"ast-content-background-meta":{"desktop":{"background-color":"var(--ast-global-color-4)","background-image":"","background-repeat":"repeat","background-position":"center center","background-size":"auto","background-attachment":"scroll","background-type":"","background-media":"","overlay-type":"","overlay-color":"","overlay-opacity":"","overlay-gradient":""},"tablet":{"background-color":"var(--ast-global-color-4)","background-image":"","background-repeat":"repeat","background-position":"center center","background-size":"auto","background-attachment":"scroll","background-type":"","background-media":"","overlay-type":"","overlay-color":"","overlay-opacity":"","overlay-gradient":""},"mobile":{"background-color":"var(--ast-global-color-4)","background-image":"","background-repeat":"repeat","background-position":"center center","background-size":"auto","background-attachment":"scroll","background-type":"","background-media":"","overlay-type":"","overlay-color":"","overlay-opacity":"","overlay-gradient":""}},"_joinchat":[]},"product_brand":[],"product_cat":[21],"product_tag":[],"class_list":{"0":"post-223","1":"product","2":"type-product","3":"status-publish","4":"has-post-thumbnail","6":"product_cat-pna","7":"desktop-align-left","8":"tablet-align-left","9":"mobile-align-left","11":"first","12":"outofstock","13":"sale","14":"shipping-taxable","15":"purchasable","16":"product-type-simple"},"_links":{"self":[{"href":"https:\/\/academiatronica.com\/index.php\/wp-json\/wp\/v2\/product\/223","targetHints":{"allow":["GET"]}}],"collection":[{"href":"https:\/\/academiatronica.com\/index.php\/wp-json\/wp\/v2\/product"}],"about":[{"href":"https:\/\/academiatronica.com\/index.php\/wp-json\/wp\/v2\/types\/product"}],"wp:featuredmedia":[{"embeddable":true,"href":"https:\/\/academiatronica.com\/index.php\/wp-json\/wp\/v2\/media\/224"}],"wp:attachment":[{"href":"https:\/\/academiatronica.com\/index.php\/wp-json\/wp\/v2\/media?parent=223"}],"wp:term":[{"taxonomy":"product_brand","embeddable":true,"href":"https:\/\/academiatronica.com\/index.php\/wp-json\/wp\/v2\/product_brand?post=223"},{"taxonomy":"product_cat","embeddable":true,"href":"https:\/\/academiatronica.com\/index.php\/wp-json\/wp\/v2\/product_cat?post=223"},{"taxonomy":"product_tag","embeddable":true,"href":"https:\/\/academiatronica.com\/index.php\/wp-json\/wp\/v2\/product_tag?post=223"}],"curies":[{"name":"wp","href":"https:\/\/api.w.org\/{rel}","templated":true}]}}