{"id":450,"date":"2026-04-05T22:39:29","date_gmt":"2026-04-06T01:39:29","guid":{"rendered":"https:\/\/academiatronica.com\/?post_type=product&#038;p=450"},"modified":"2026-04-05T22:39:57","modified_gmt":"2026-04-06T01:39:57","slug":"450","status":"publish","type":"product","link":"https:\/\/academiatronica.com\/index.php\/producto\/450\/","title":{"rendered":"Repar\u00e1 placas iphone en Paran\u00e1"},"content":{"rendered":"<p>Curso de microelectr\u00f3nica aplicada a dispositivos iphone en Paran\u00e1<\/p>\n<p>Secuencias de encendido, de carga e imagen.<\/p>\n<p>Hydra, tristar, kraken, tigris, rubicon, stonhenge.<\/p>\n<p>L\u00edneas primarias, secundarias, y terciarias.<\/p>\n<p>Uni\u00f3n y separaci\u00f3n de placas.<\/p>\n<p>Esquem\u00e1ticos con JCID<\/p>\n<p>Consumos en fuente.<\/p>\n<p>&nbsp;<\/p>\n<p>&nbsp;<\/p>\n<p>Comienza 12 de mayo. 12\/05\/2026<\/p>\n<p>Se cursa solamente d\u00edas martes de 17hs a 19.30hs. 10 Clases 10 martes de corrido.<\/p>\n<p>Precio Regular: 837 mil pesos.<\/p>\n<p>Valor: 671 mil pesos.\u00a0 Hasta el 10\/04 ten\u00e9s 6 pagos sin inter\u00e9s Visa o Mastercard.<\/p>\n<p>O pod\u00e9s reservar el lugar con entrega de 100 mil y cuando comienza abon\u00e1s el saldo.<\/p>\n<p>ACLARACION IMPORTANTE: Este curso no es para principiantes. Si bien todos nuestros cursos tienen nivelaci\u00f3n, es indispensable que sepas hacer reballing de circuito (Como en los reemplazos de m\u00f3dulos) para que puedas tener una experiencia integral.<\/p>\n","protected":false},"excerpt":{"rendered":"<p>Curso placas iphone Paran\u00e1<\/p>\n","protected":false},"featured_media":451,"template":"","meta":{"site-sidebar-layout":"default","site-content-layout":"","ast-site-content-layout":"default","site-content-style":"default","site-sidebar-style":"default","ast-global-header-display":"","ast-banner-title-visibility":"","ast-main-header-display":"","ast-hfb-above-header-display":"","ast-hfb-below-header-display":"","ast-hfb-mobile-header-display":"","site-post-title":"","ast-breadcrumbs-content":"","ast-featured-img":"","footer-sml-layout":"","theme-transparent-header-meta":"default","adv-header-id-meta":"","stick-header-meta":"","header-above-stick-meta":"","header-main-stick-meta":"","header-below-stick-meta":"","astra-migrate-meta-layouts":"set","ast-page-background-enabled":"default","ast-page-background-meta":{"desktop":{"background-color":"var(--ast-global-color-5)","background-image":"","background-repeat":"repeat","background-position":"center center","background-size":"auto","background-attachment":"scroll","background-type":"","background-media":"","overlay-type":"","overlay-color":"","overlay-opacity":"","overlay-gradient":""},"tablet":{"background-color":"","background-image":"","background-repeat":"repeat","background-position":"center center","background-size":"auto","background-attachment":"scroll","background-type":"","background-media":"","overlay-type":"","overlay-color":"","overlay-opacity":"","overlay-gradient":""},"mobile":{"background-color":"","background-image":"","background-repeat":"repeat","background-position":"center center","background-size":"auto","background-attachment":"scroll","background-type":"","background-media":"","overlay-type":"","overlay-color":"","overlay-opacity":"","overlay-gradient":""}},"ast-content-background-meta":{"desktop":{"background-color":"var(--ast-global-color-4)","background-image":"","background-repeat":"repeat","background-position":"center center","background-size":"auto","background-attachment":"scroll","background-type":"","background-media":"","overlay-type":"","overlay-color":"","overlay-opacity":"","overlay-gradient":""},"tablet":{"background-color":"var(--ast-global-color-4)","background-image":"","background-repeat":"repeat","background-position":"center center","background-size":"auto","background-attachment":"scroll","background-type":"","background-media":"","overlay-type":"","overlay-color":"","overlay-opacity":"","overlay-gradient":""},"mobile":{"background-color":"var(--ast-global-color-4)","background-image":"","background-repeat":"repeat","background-position":"center center","background-size":"auto","background-attachment":"scroll","background-type":"","background-media":"","overlay-type":"","overlay-color":"","overlay-opacity":"","overlay-gradient":""}},"_joinchat":[]},"product_brand":[],"product_cat":[21],"product_tag":[],"class_list":{"0":"post-450","1":"product","2":"type-product","3":"status-publish","4":"has-post-thumbnail","6":"product_cat-pna","7":"desktop-align-left","8":"tablet-align-left","9":"mobile-align-left","11":"first","12":"instock","13":"sale","14":"shipping-taxable","15":"purchasable","16":"product-type-simple"},"_links":{"self":[{"href":"https:\/\/academiatronica.com\/index.php\/wp-json\/wp\/v2\/product\/450","targetHints":{"allow":["GET"]}}],"collection":[{"href":"https:\/\/academiatronica.com\/index.php\/wp-json\/wp\/v2\/product"}],"about":[{"href":"https:\/\/academiatronica.com\/index.php\/wp-json\/wp\/v2\/types\/product"}],"wp:featuredmedia":[{"embeddable":true,"href":"https:\/\/academiatronica.com\/index.php\/wp-json\/wp\/v2\/media\/451"}],"wp:attachment":[{"href":"https:\/\/academiatronica.com\/index.php\/wp-json\/wp\/v2\/media?parent=450"}],"wp:term":[{"taxonomy":"product_brand","embeddable":true,"href":"https:\/\/academiatronica.com\/index.php\/wp-json\/wp\/v2\/product_brand?post=450"},{"taxonomy":"product_cat","embeddable":true,"href":"https:\/\/academiatronica.com\/index.php\/wp-json\/wp\/v2\/product_cat?post=450"},{"taxonomy":"product_tag","embeddable":true,"href":"https:\/\/academiatronica.com\/index.php\/wp-json\/wp\/v2\/product_tag?post=450"}],"curies":[{"name":"wp","href":"https:\/\/api.w.org\/{rel}","templated":true}]}}