{"id":457,"date":"2026-04-30T18:57:14","date_gmt":"2026-04-30T21:57:14","guid":{"rendered":"https:\/\/academiatronica.com\/?post_type=product&#038;p=457"},"modified":"2026-04-30T18:59:57","modified_gmt":"2026-04-30T21:59:57","slug":"desde-cero-iphone-santa-fe-2","status":"publish","type":"product","link":"https:\/\/academiatronica.com\/index.php\/producto\/desde-cero-iphone-santa-fe-2\/","title":{"rendered":"Desde cero + Iphone Santa fe"},"content":{"rendered":"<p>El curso de reparaci\u00f3n celular m\u00e1s completo de la regi\u00f3n en Santa Fe<\/p>\n<p>Abarca lo que es reemplazo de componentes.<\/p>\n<p>Soldaduras smd, m\u00f3dulos, bater\u00edas.. en Iphone los m\u00f3dulos se reemplazan con reballing y las bater\u00edas con programaci\u00f3n. Abarca hasta el iPhone 15. Se solicita traer equipos para reparar.<\/p>\n<p>Comienza Mi\u00e9rcoles 13\/05. Se cursa mi\u00e9rcoles y jueves de 18 a 20hs.<\/p>\n<p>10 encuentros en total.<\/p>\n<p>Valor: 391 mil pesos. Hasta el 02\/05 ten\u00e9s 6 pagos sin inter\u00e9s Visa\/ Mastercard<\/p>\n<p>Abonando un solo pago te queda en 291 mil pesos. Contado\/Transferencia<\/p>\n<p>O Reserv\u00e1s tu lugar con entrega de 40 mil y cuando comienza abonas el saldo (Entregando 40 mil, el saldo es de 351 mil pesos)<\/p>\n<p>&nbsp;<\/p>\n<p>No trabajamos por cupo m\u00ednimo. Comienza el 13\/05 as\u00ed concurra uno solo.<\/p>\n<p>Trabajamos con grupo reducido para garantizar tu aprendizaje practico.<\/p>\n<p>Se dicta en Jp l\u00f3pez 2351 \u2013 Santa Fe<\/p>\n<p>&nbsp;<\/p>\n<p>Nota: En los grupales no se contemplan las faltas. Sino te coinciden los horarios pod\u00e9s consultar para hacerlo de manera personalizada.<\/p>\n<p>&nbsp;<\/p>\n<p>3425052068<\/p>\n","protected":false},"excerpt":{"rendered":"<p>Desde cero + iphone en Santa Fe<\/p>\n","protected":false},"featured_media":458,"template":"","meta":{"site-sidebar-layout":"default","site-content-layout":"","ast-site-content-layout":"default","site-content-style":"default","site-sidebar-style":"default","ast-global-header-display":"","ast-banner-title-visibility":"","ast-main-header-display":"","ast-hfb-above-header-display":"","ast-hfb-below-header-display":"","ast-hfb-mobile-header-display":"","site-post-title":"","ast-breadcrumbs-content":"","ast-featured-img":"","footer-sml-layout":"","theme-transparent-header-meta":"default","adv-header-id-meta":"","stick-header-meta":"","header-above-stick-meta":"","header-main-stick-meta":"","header-below-stick-meta":"","astra-migrate-meta-layouts":"set","ast-page-background-enabled":"default","ast-page-background-meta":{"desktop":{"background-color":"var(--ast-global-color-5)","background-image":"","background-repeat":"repeat","background-position":"center center","background-size":"auto","background-attachment":"scroll","background-type":"","background-media":"","overlay-type":"","overlay-color":"","overlay-opacity":"","overlay-gradient":""},"tablet":{"background-color":"","background-image":"","background-repeat":"repeat","background-position":"center center","background-size":"auto","background-attachment":"scroll","background-type":"","background-media":"","overlay-type":"","overlay-color":"","overlay-opacity":"","overlay-gradient":""},"mobile":{"background-color":"","background-image":"","background-repeat":"repeat","background-position":"center center","background-size":"auto","background-attachment":"scroll","background-type":"","background-media":"","overlay-type":"","overlay-color":"","overlay-opacity":"","overlay-gradient":""}},"ast-content-background-meta":{"desktop":{"background-color":"var(--ast-global-color-4)","background-image":"","background-repeat":"repeat","background-position":"center center","background-size":"auto","background-attachment":"scroll","background-type":"","background-media":"","overlay-type":"","overlay-color":"","overlay-opacity":"","overlay-gradient":""},"tablet":{"background-color":"var(--ast-global-color-4)","background-image":"","background-repeat":"repeat","background-position":"center center","background-size":"auto","background-attachment":"scroll","background-type":"","background-media":"","overlay-type":"","overlay-color":"","overlay-opacity":"","overlay-gradient":""},"mobile":{"background-color":"var(--ast-global-color-4)","background-image":"","background-repeat":"repeat","background-position":"center center","background-size":"auto","background-attachment":"scroll","background-type":"","background-media":"","overlay-type":"","overlay-color":"","overlay-opacity":"","overlay-gradient":""}},"_joinchat":[]},"product_brand":[],"product_cat":[20],"product_tag":[],"class_list":{"0":"post-457","1":"product","2":"type-product","3":"status-publish","4":"has-post-thumbnail","6":"product_cat-sfe","7":"desktop-align-left","8":"tablet-align-left","9":"mobile-align-left","11":"first","12":"instock","13":"sale","14":"shipping-taxable","15":"purchasable","16":"product-type-simple"},"_links":{"self":[{"href":"https:\/\/academiatronica.com\/index.php\/wp-json\/wp\/v2\/product\/457","targetHints":{"allow":["GET"]}}],"collection":[{"href":"https:\/\/academiatronica.com\/index.php\/wp-json\/wp\/v2\/product"}],"about":[{"href":"https:\/\/academiatronica.com\/index.php\/wp-json\/wp\/v2\/types\/product"}],"wp:featuredmedia":[{"embeddable":true,"href":"https:\/\/academiatronica.com\/index.php\/wp-json\/wp\/v2\/media\/458"}],"wp:attachment":[{"href":"https:\/\/academiatronica.com\/index.php\/wp-json\/wp\/v2\/media?parent=457"}],"wp:term":[{"taxonomy":"product_brand","embeddable":true,"href":"https:\/\/academiatronica.com\/index.php\/wp-json\/wp\/v2\/product_brand?post=457"},{"taxonomy":"product_cat","embeddable":true,"href":"https:\/\/academiatronica.com\/index.php\/wp-json\/wp\/v2\/product_cat?post=457"},{"taxonomy":"product_tag","embeddable":true,"href":"https:\/\/academiatronica.com\/index.php\/wp-json\/wp\/v2\/product_tag?post=457"}],"curies":[{"name":"wp","href":"https:\/\/api.w.org\/{rel}","templated":true}]}}